{"id":260,"date":"2018-11-16T17:55:38","date_gmt":"2018-11-16T17:55:38","guid":{"rendered":"http:\/\/conadis.ok\/transparencia\/?page_id=260"},"modified":"2024-04-12T12:54:21","modified_gmt":"2024-04-12T16:54:21","slug":"responsable-de-libre-acceso-a-la-informacion","status":"publish","type":"page","link":"https:\/\/vicepresidencia.gob.do\/transparencia\/responsable-de-libre-acceso-a-la-informacion\/","title":{"rendered":"Responsable de libre acceso a la informaci\u00f3n"},"content":{"rendered":"<h3>La Vicepresidencia de la Rep\u00fablica, con el prop\u00f3sito de dar cumplimiento a:<\/h3>\n<p>\u2022 La Ley No. 200-04 de Libre Acceso a la Informaci\u00f3n P\u00fablica, que establece como un deber del Estado \u201cbrindar la informaci\u00f3n que esta ley [200-04] establece con car\u00e1cter obligatorio y de disponibilidad y actualizaci\u00f3n permanente y las informaciones que fueran requeridas en forma especial por los interesados\u201d.<\/p>\n<p>\u2022 El Reglamento de dicha Ley, marcado con el N\u00famero 130-05, establece que \u201cdeber\u00e1 asignarse un Responsable de Acceso a la Informaci\u00f3n (RAI) y organizarse las Oficinas de Acceso a la Informaci\u00f3n (OAI), ante la cual se har\u00e1 efectivo el ejercicio del derecho de acceso a la informaci\u00f3n.<\/p>\n<p>Ha creado una secci\u00f3n de Transparencia dentro de este portal como un canal de comunicaci\u00f3n entre la ciudadan\u00eda y esta institucion.<\/p>\n<h3><strong>Proceso de solicitud de Informaci\u00f3n:<\/strong><\/h3>\n<p>1)\u00a0Completar el formulario de solicitud de informaci\u00f3n, el mismo se encuentra disponible en la recepci\u00f3n del Palacio Nacional<\/p>\n<p>2)\u00a0Se procede a la revisi\u00f3n de dicho documento con la finalidad de verificar que est\u00e1 debidamente completado.<\/p>\n<p>3)\u00a0Se hace entrega de acuse de recibo al solicitante.<\/p>\n<p>4) Seg\u00fan la complejidad de la informaci\u00f3n, se asigna una fecha de entrega. En caso de no ser la Vicepresidencia de la Rep\u00fablica la entidad competente para ofrecer la informaci\u00f3n requerida, dicha solicitud se remite a la instituci\u00f3n correspondiente y se le informa al solicitante, el curso que ha tomado su solicitud y la instituci\u00f3n destinataria.<\/p>\n<p>5)\u00a0Seguimiento de la(s) solicitud(es) hasta confirmar que se ha suministrado la informaci\u00f3n.<\/p>\n<h3>Responsable de Acceso a la Informaci\u00f3n<\/h3>\n<p>Contacto:<br \/>\nJuan Casanova<br \/>\nResponsable de la Oficina de Acceso a la Informaci\u00f3n (OAI)<br \/>\nDirecci\u00f3n: Ave. M\u00e9xico, Esq. Dr. Delgado, Gazcue, Santo Domingo, Distrito Nacional, Rep\u00fablica Dominicana.<br \/>\nTel\u00e9fono: (809)695\u20138000<br \/>\nCorreo Electr\u00f3nico: oai@vicepresidencia.gob.do<\/p>\n<p><a href=\"http:\/\/saip.gob.do\/\" target=\"_blank\" rel=\"noopener noreferrer\"><img loading=\"lazy\" decoding=\"async\" class=\"aligncenter wp-image-1957 size-medium\" src=\"https:\/\/vicepresidencia.gob.do\/transparencia\/wp-content\/uploads\/2024\/04\/SAIP-250x78-1.jpg\" alt=\"Logo del Portal Unico de Solicitud de Acceso a la Informacion Publica\" width=\"250\" height=\"78\" \/><\/a><\/p>\n<p>&nbsp;<\/p>\n","protected":false},"excerpt":{"rendered":"La Vicepresidencia de la Rep\u00fablica, con el prop\u00f3sito de dar cumplimiento a: \u2022 La Ley No. 200-04 de Libre Acceso a la Informaci\u00f3n P\u00fablica, que establece como un deber del Estado \u201cbrindar la informaci\u00f3n que esta ley [200-04] establece con car\u00e1cter obligatorio y de disponibilidad y actualizaci\u00f3n permanente y las informaciones que fueran requeridas en&#8230; <a class=\"view-article\" href=\"https:\/\/vicepresidencia.gob.do\/transparencia\/responsable-de-libre-acceso-a-la-informacion\/\">View Article<\/a>","protected":false},"author":4,"featured_media":0,"parent":0,"menu_order":0,"comment_status":"closed","ping_status":"closed","template":"","meta":{"inline_featured_image":false,"footnotes":""},"class_list":["post-260","page","type-page","status-publish","hentry"],"_links":{"self":[{"href":"https:\/\/vicepresidencia.gob.do\/transparencia\/wp-json\/wp\/v2\/pages\/260","targetHints":{"allow":["GET"]}}],"collection":[{"href":"https:\/\/vicepresidencia.gob.do\/transparencia\/wp-json\/wp\/v2\/pages"}],"about":[{"href":"https:\/\/vicepresidencia.gob.do\/transparencia\/wp-json\/wp\/v2\/types\/page"}],"author":[{"embeddable":true,"href":"https:\/\/vicepresidencia.gob.do\/transparencia\/wp-json\/wp\/v2\/users\/4"}],"replies":[{"embeddable":true,"href":"https:\/\/vicepresidencia.gob.do\/transparencia\/wp-json\/wp\/v2\/comments?post=260"}],"version-history":[{"count":16,"href":"https:\/\/vicepresidencia.gob.do\/transparencia\/wp-json\/wp\/v2\/pages\/260\/revisions"}],"predecessor-version":[{"id":3195,"href":"https:\/\/vicepresidencia.gob.do\/transparencia\/wp-json\/wp\/v2\/pages\/260\/revisions\/3195"}],"wp:attachment":[{"href":"https:\/\/vicepresidencia.gob.do\/transparencia\/wp-json\/wp\/v2\/media?parent=260"}],"curies":[{"name":"wp","href":"https:\/\/api.w.org\/{rel}","templated":true}]}}