{"id":2,"date":"2018-09-26T12:58:25","date_gmt":"2018-09-26T12:58:25","guid":{"rendered":"http:\/\/conadis.ok\/?page_id=2"},"modified":"2024-04-12T10:06:13","modified_gmt":"2024-04-12T14:06:13","slug":"sample-page","status":"publish","type":"page","link":"https:\/\/vicepresidencia.gob.do\/transparencia\/","title":{"rendered":"Portal de transparencia"},"content":{"rendered":"<p>Bienvenidos al portal de Transparencia de la <b>Vicepresidencia de la Rep\u00fablica Dominicana<\/b><\/p>\n<p>Con el objetivo de garantizar el cumplimiento al mandato de la Constituci\u00f3n de la Rep\u00fablica en su art\u00edculo 138, en el que se establece que la Administraci\u00f3n P\u00fablica est\u00e1 sujeta en su actuaci\u00f3n al principio de transparencia con sometimiento pleno al ordenamiento jur\u00eddico del Estado, la <b>Vicepresidencia de la Rep\u00fablica Dominicana<\/b><strong>l<\/strong> pone a disposici\u00f3n de los ciudadanos el acceso a la informaci\u00f3n p\u00fablica de conformidad al mandato de la Ley 200-04 de Libre Acceso a la Informaci\u00f3n P\u00fablica y al Decreto 130-05 que aprueba su Reglamento de Aplicaci\u00f3n.<\/p>\n<p>Portal \u00danico de Transparencia del Estado Dominicano <a href=\"https:\/\/transparencia.gob.do\/\" target=\"_blank\" rel=\"noopener\">aqu\u00ed<\/a><\/p>\n<p><!-- Modal --><\/p>\n<div id=\"bannerModal\" class=\"modal fade\" tabindex=\"-1\" aria-labelledby=\"bannerModalLabel\" aria-hidden=\"true\">\n<div class=\"modal-dialog modal-dialog-centered\">\n<div class=\"modal-content\">\n<div class=\"modal-header\">\n<h5 id=\"bannerModalLabel\" class=\"modal-title\">Modal title<\/h5>\n<p><button class=\"close\" type=\"button\" data-dismiss=\"modal\" aria-label=\"Close\"><br \/>\n<span aria-hidden=\"true\">\u00d7<\/span><br \/>\n<\/button><\/p>\n<\/div>\n<div class=\"modal-body\">&#8230;<\/div>\n<\/div>\n<\/div>\n<\/div>\n","protected":false},"excerpt":{"rendered":"Bienvenidos al portal de Transparencia de la Vicepresidencia de la Rep\u00fablica Dominicana Con el objetivo de garantizar el cumplimiento al mandato de la Constituci\u00f3n de la Rep\u00fablica en su art\u00edculo 138, en el que se establece que la Administraci\u00f3n P\u00fablica est\u00e1 sujeta en su actuaci\u00f3n al principio de transparencia con sometimiento pleno al ordenamiento jur\u00eddico&#8230; <a class=\"view-article\" href=\"https:\/\/vicepresidencia.gob.do\/transparencia\/\">View Article<\/a>","protected":false},"author":4,"featured_media":0,"parent":0,"menu_order":0,"comment_status":"closed","ping_status":"open","template":"template-main.php","meta":{"inline_featured_image":false,"footnotes":""},"class_list":["post-2","page","type-page","status-publish","hentry"],"_links":{"self":[{"href":"https:\/\/vicepresidencia.gob.do\/transparencia\/wp-json\/wp\/v2\/pages\/2","targetHints":{"allow":["GET"]}}],"collection":[{"href":"https:\/\/vicepresidencia.gob.do\/transparencia\/wp-json\/wp\/v2\/pages"}],"about":[{"href":"https:\/\/vicepresidencia.gob.do\/transparencia\/wp-json\/wp\/v2\/types\/page"}],"author":[{"embeddable":true,"href":"https:\/\/vicepresidencia.gob.do\/transparencia\/wp-json\/wp\/v2\/users\/4"}],"replies":[{"embeddable":true,"href":"https:\/\/vicepresidencia.gob.do\/transparencia\/wp-json\/wp\/v2\/comments?post=2"}],"version-history":[{"count":14,"href":"https:\/\/vicepresidencia.gob.do\/transparencia\/wp-json\/wp\/v2\/pages\/2\/revisions"}],"predecessor-version":[{"id":3176,"href":"https:\/\/vicepresidencia.gob.do\/transparencia\/wp-json\/wp\/v2\/pages\/2\/revisions\/3176"}],"wp:attachment":[{"href":"https:\/\/vicepresidencia.gob.do\/transparencia\/wp-json\/wp\/v2\/media?parent=2"}],"curies":[{"name":"wp","href":"https:\/\/api.w.org\/{rel}","templated":true}]}}