{"id":1427,"date":"2019-10-22T16:27:46","date_gmt":"2019-10-22T16:27:46","guid":{"rendered":"http:\/\/new.conadis.gob.do\/transparencia\/?page_id=1427"},"modified":"2024-09-05T16:04:32","modified_gmt":"2024-09-05T20:04:32","slug":"declaraciones-juradas","status":"publish","type":"page","link":"https:\/\/vicepresidencia.gob.do\/transparencia\/declaraciones-juradas\/","title":{"rendered":"Declaraciones Juradas"},"content":{"rendered":"<p>Los datos personales, han sido protegidos de conformidad con el art-18 de la ley 200-04 de libre acceso a la informaci\u00f3n p\u00fablica de fecha 28 de julio 2004 y el art\u00edculo 28 de su reglamento de aplicaci\u00f3n aprobado mediante decreto 130-05 de fecha 25 de febrero 2005.<\/p>\n<p>Haz clic en el documento que quieres abrir o utiliza el buscador inferior para filtrar los contenidos disponibles.<\/p>\n<p><strong>Declaraciones Juradas:<\/strong><\/p>\n<table style=\"border-collapse: collapse; width: 685px; height: 445px;\" width=\"764\">\n<tbody>\n<tr style=\"height: 30.75pt;\">\n<td class=\"xl104\" style=\"width: 359pt; height: 30.75pt;\" width=\"478\" height=\"41\">Nombre de funcionario<\/td>\n<td class=\"xl104\" style=\"width: 122pt;\" width=\"162\">Decreto o designaci\u00f3n<\/td>\n<td class=\"xl105\" style=\"width: 93pt;\" width=\"124\">Declaraci\u00f3n Jurada de Patrimonio<\/td>\n<\/tr>\n<tr style=\"height: 30.0pt;\">\n<td class=\"xl106\" style=\"width: 359pt; height: 30.0pt;\" width=\"478\" height=\"40\"><strong>Raquel Pe\u00f1a de Antu\u00f1a<\/strong><\/p>\n<p>Vicepresidenta de la Rep\u00fablica Dominicana<\/td>\n<td class=\"xl107\"><\/td>\n<td class=\"xl86\" style=\"width: 93pt; text-align: center;\" width=\"124\"><a href=\"https:\/\/vicepresidencia.gob.do\/transparencia\/wp-content\/uploads\/2024\/09\/Declaracion-Raquel-Pena.pdf\">Declaraci\u00f3n<\/a><\/td>\n<\/tr>\n<tr style=\"height: 17.25pt;\">\n<td class=\"xl100\" style=\"width: 359pt; height: 17.25pt;\" width=\"478\" height=\"23\"><\/td>\n<td class=\"xl98\" style=\"width: 122pt;\" width=\"162\"><\/td>\n<td class=\"xl86\" style=\"width: 93pt;\" width=\"124\"><\/td>\n<\/tr>\n<tr style=\"height: 35.25pt;\">\n<td class=\"xl106\" style=\"width: 359pt; height: 35.25pt;\" width=\"478\" height=\"47\"><\/td>\n<td class=\"xl98\" style=\"width: 122pt;\" width=\"162\"><\/td>\n<td class=\"xl86\" style=\"width: 93pt;\" width=\"124\"><\/td>\n<\/tr>\n<tr style=\"height: 17.25pt;\">\n<td class=\"xl100\" style=\"width: 359pt; height: 17.25pt;\" width=\"478\" height=\"23\"><\/td>\n<td class=\"xl107\"><\/td>\n<td class=\"xl86\" style=\"width: 93pt;\" width=\"124\"><\/td>\n<\/tr>\n<\/tbody>\n<\/table>\n<p>&nbsp;<\/p>\n<p><a href=\"https:\/\/djurada.camaradecuentas.gob.do\/DJP_OJO_CIUDADANO\/pgReportesDJPExternos.aspx\" target=\"_blank\" rel=\"noopener\"><img loading=\"lazy\" decoding=\"async\" class=\"aligncenter\" src=\"https:\/\/vicepresidencia.gob.do\/transparencia\/wp-content\/uploads\/2024\/04\/Banner_Consulta_en_Linea_djp_2.png\" alt=\"Enlace a Declaraciones en Linea\" width=\"348\" height=\"173\" \/><\/a><\/p>\n","protected":false},"excerpt":{"rendered":"Los datos personales, han sido protegidos de conformidad con el art-18 de la ley 200-04 de libre acceso a la informaci\u00f3n p\u00fablica de fecha 28 de julio 2004 y el art\u00edculo 28 de su reglamento de aplicaci\u00f3n aprobado mediante decreto 130-05 de fecha 25 de febrero 2005. Haz clic en el documento que quieres abrir&#8230; <a class=\"view-article\" href=\"https:\/\/vicepresidencia.gob.do\/transparencia\/declaraciones-juradas\/\">View Article<\/a>","protected":false},"author":4,"featured_media":0,"parent":0,"menu_order":0,"comment_status":"closed","ping_status":"closed","template":"","meta":{"inline_featured_image":false,"footnotes":""},"class_list":["post-1427","page","type-page","status-publish","hentry"],"_links":{"self":[{"href":"https:\/\/vicepresidencia.gob.do\/transparencia\/wp-json\/wp\/v2\/pages\/1427","targetHints":{"allow":["GET"]}}],"collection":[{"href":"https:\/\/vicepresidencia.gob.do\/transparencia\/wp-json\/wp\/v2\/pages"}],"about":[{"href":"https:\/\/vicepresidencia.gob.do\/transparencia\/wp-json\/wp\/v2\/types\/page"}],"author":[{"embeddable":true,"href":"https:\/\/vicepresidencia.gob.do\/transparencia\/wp-json\/wp\/v2\/users\/4"}],"replies":[{"embeddable":true,"href":"https:\/\/vicepresidencia.gob.do\/transparencia\/wp-json\/wp\/v2\/comments?post=1427"}],"version-history":[{"count":59,"href":"https:\/\/vicepresidencia.gob.do\/transparencia\/wp-json\/wp\/v2\/pages\/1427\/revisions"}],"predecessor-version":[{"id":3207,"href":"https:\/\/vicepresidencia.gob.do\/transparencia\/wp-json\/wp\/v2\/pages\/1427\/revisions\/3207"}],"wp:attachment":[{"href":"https:\/\/vicepresidencia.gob.do\/transparencia\/wp-json\/wp\/v2\/media?parent=1427"}],"curies":[{"name":"wp","href":"https:\/\/api.w.org\/{rel}","templated":true}]}}